{"id":2044,"date":"2025-05-08T10:02:04","date_gmt":"2025-05-08T15:02:04","guid":{"rendered":"https:\/\/thebizzawards.com\/es\/?page_id=2044"},"modified":"2025-05-08T10:33:23","modified_gmt":"2025-05-08T15:33:23","slug":"blog","status":"publish","type":"page","link":"https:\/\/thebizzawards.com\/es\/blog\/","title":{"rendered":"Blog"},"content":{"rendered":"<p>[vc_row css_animation=\u00bb\u00bb row_type=\u00bbrow\u00bb use_row_as_full_screen_section=\u00bbno\u00bb type=\u00bbfull_width\u00bb angled_section=\u00bbno\u00bb text_align=\u00bbleft\u00bb background_image_as_pattern=\u00bbwithout_pattern\u00bb][vc_column][\/vc_column][\/vc_row][vc_row row_type=\u00bbparallax\u00bb parallax_content_width=\u00bbin_grid\u00bb text_align=\u00bbcenter\u00bb background_image=\u00bb680&#8243; full_screen_section_height=\u00bbno\u00bb][vc_column][vc_row_inner row_type=\u00bbrow\u00bb type=\u00bbgrid\u00bb text_align=\u00bbleft\u00bb css_animation=\u00bb\u00bb][vc_column_inner][qode_elements_holder number_of_columns=\u00bbtwo_columns\u00bb][qode_elements_holder_item item_padding=\u00bb64px 64px 64px 64px\u00bb advanced_animations=\u00bbno\u00bb][vc_single_image image=\u00bb1964&#8243; img_size=\u00bbfull\u00bb alignment=\u00bbcenter\u00bb qode_css_animation=\u00bbelement_from_fade\u00bb][\/qode_elements_holder_item][qode_elements_holder_item item_padding=\u00bb64px 64px 64px 64px\u00bb advanced_animations=\u00bbno\u00bb][vc_column_text]<\/p>\n<p style=\"font-size: 72px; line-height: 80px; font-weight: 800; color: white; text-align: center; background-color: #3b89af;\">BLOG<\/p>\n<p>[\/vc_column_text][\/qode_elements_holder_item][\/qode_elements_holder][\/vc_column_inner][\/vc_row_inner][\/vc_column][\/vc_row][vc_row css_animation=\u00bb\u00bb row_type=\u00bbrow\u00bb use_row_as_full_screen_section=\u00bbno\u00bb type=\u00bbfull_width\u00bb angled_section=\u00bbno\u00bb text_align=\u00bbleft\u00bb background_image_as_pattern=\u00bbwithout_pattern\u00bb css=\u00bb.vc_custom_1539277536406{background-color: #3b89af !important;}\u00bb z_index=\u00bb\u00bb][vc_column][vc_empty_space][vc_row_inner row_type=\u00bbrow\u00bb type=\u00bbfull_width\u00bb text_align=\u00bbleft\u00bb css_animation=\u00bb\u00bb][vc_column_inner width=\u00bb1\/4&#8243;][\/vc_column_inner][vc_column_inner width=\u00bb1\/2&#8243;][vc_column_text][\/vc_column_text][\/vc_column_inner][vc_column_inner width=\u00bb1\/4&#8243;][\/vc_column_inner][\/vc_row_inner][vc_empty_space][\/vc_column][\/vc_row][vc_row css_animation=\u00bb\u00bb row_type=\u00bbrow\u00bb use_row_as_full_screen_section=\u00bbno\u00bb type=\u00bbgrid\u00bb angled_section=\u00bbno\u00bb text_align=\u00bbleft\u00bb background_image_as_pattern=\u00bbwithout_pattern\u00bb z_index=\u00bb\u00bb][vc_column]<div class='q_masonry_blog'><div class=\"q_masonry_blog_grid_sizer\"><\/div><div class=\"q_masonry_blog_grid_gutter\"><\/div><article  class='post-2066 post type-post status-publish format-standard has-post-thumbnail hentry category-blog '><div class=\"q_masonry_blog_post_image\"><a itemprop=\"url\" href=\"https:\/\/thebizzawards.com\/es\/empresas-premiadas-inversores-talento\/\" target=\"_self\"><img decoding=\"async\" itemprop=\"image\" src=\"https:\/\/thebizzawards.com\/es\/wp-content\/uploads\/2025\/05\/BLOG4-1-1.jpg\" \/><\/a><\/div><div class=\"q_masonry_blog_post_text\"><h5 itemprop=\"name\" class=\"q_masonry_blog_title entry_title\"><a itemprop=\"url\" href=\"https:\/\/thebizzawards.com\/es\/empresas-premiadas-inversores-talento\/\">El impacto de ganar premios para empresas en mercados emergentes<\/a><\/h5><p itemprop=\"description\" class=\"q_masonry_blog_excerpt\">C\u00f3mo las empresas premiadas atraen m\u00e1s inversores y talento Introducci\u00f3n Ganar un premio a la excelencia empresarial como THE BIZZ ayuda a las empresas a ganar visibilidad, generar confianza con los inversores y atraer talento de primer nivel. La excelencia atrae: tanto a inversores como......<\/p><div class=\"q_masonry_blog_post_info\"><\/div><\/div><\/article><article  class='post-2064 post type-post status-publish format-standard has-post-thumbnail hentry category-blog '><div class=\"q_masonry_blog_post_image\"><a itemprop=\"url\" href=\"https:\/\/thebizzawards.com\/es\/impacto-premios-mercados-emergentes\/\" target=\"_self\"><img decoding=\"async\" itemprop=\"image\" src=\"https:\/\/thebizzawards.com\/es\/wp-content\/uploads\/2025\/05\/BLOG3-1-1.jpg\" \/><\/a><\/div><div class=\"q_masonry_blog_post_text\"><h5 itemprop=\"name\" class=\"q_masonry_blog_title entry_title\"><a itemprop=\"url\" href=\"https:\/\/thebizzawards.com\/es\/impacto-premios-mercados-emergentes\/\">El impacto de ganar premios para empresas en mercados emergentes<\/a><\/h5><p itemprop=\"description\" class=\"q_masonry_blog_excerpt\">El impacto de ganar premios para empresas en mercados emergentes Introducci\u00f3n Por qu\u00e9 los premios a la excelencia empresarial importan en econom\u00edas emergentes: en regiones como Latinoam\u00e9rica, \u00c1frica, Sudeste Asi\u00e1tico y Oriente Medio, el reconocimiento no es solo un s\u00edmbolo \u2014 es una plataforma de......<\/p><div class=\"q_masonry_blog_post_info\"><\/div><\/div><\/article><article  class='post-2060 post type-post status-publish format-standard has-post-thumbnail hentry category-blog '><div class=\"q_masonry_blog_post_image\"><a itemprop=\"url\" href=\"https:\/\/thebizzawards.com\/es\/aplicar-premio-excelencia-empresarial\/\" target=\"_self\"><img decoding=\"async\" itemprop=\"image\" src=\"https:\/\/thebizzawards.com\/es\/wp-content\/uploads\/2025\/05\/BLOG2-1-1.jpg\" \/><\/a><\/div><div class=\"q_masonry_blog_post_text\"><h5 itemprop=\"name\" class=\"q_masonry_blog_title entry_title\"><a itemprop=\"url\" href=\"https:\/\/thebizzawards.com\/es\/aplicar-premio-excelencia-empresarial\/\">Por qu\u00e9 ganar un premio a la excelencia empresarial importa en 2025<\/a><\/h5><p itemprop=\"description\" class=\"q_masonry_blog_excerpt\">Paso a paso: C\u00f3mo aplicar a un premio a la excelencia empresarial Introducci\u00f3n Solicitar un premio a la excelencia empresarial puede parecer complejo, pero con THE BIZZ AWARDS de WORLDCOB, el proceso es estructurado, claro y dise\u00f1ado para resaltar lo mejor de tu negocio. Con......<\/p><div class=\"q_masonry_blog_post_info\"><\/div><\/div><\/article><article  class='post-2049 post type-post status-publish format-standard has-post-thumbnail hentry category-blog '><div class=\"q_masonry_blog_post_image\"><a itemprop=\"url\" href=\"https:\/\/thebizzawards.com\/es\/por-que-ganar-premio-excelencia-empresarial-2025\/\" target=\"_self\"><img decoding=\"async\" itemprop=\"image\" src=\"https:\/\/thebizzawards.com\/es\/wp-content\/uploads\/2025\/05\/BLOG1-1.jpg\" \/><\/a><\/div><div class=\"q_masonry_blog_post_text\"><h5 itemprop=\"name\" class=\"q_masonry_blog_title entry_title\"><a itemprop=\"url\" href=\"https:\/\/thebizzawards.com\/es\/por-que-ganar-premio-excelencia-empresarial-2025\/\">Por qu\u00e9 ganar un premio a la excelencia empresarial importa en 2025<\/a><\/h5><p itemprop=\"description\" class=\"q_masonry_blog_excerpt\">Por qu\u00e9 ganar un premio a la excelencia empresarial importa en 2025 Introducci\u00f3n En una era donde la reputaci\u00f3n y la confianza son activos empresariales clave,ganar un premio a la excelencia empresarial es m\u00e1s que un reconocimiento:es un factor decisivo. En 2025, las empresas que......<\/p><div class=\"q_masonry_blog_post_info\"><\/div><\/div><\/article><\/div>[\/vc_column][\/vc_row]<\/p>\n","protected":false},"excerpt":{"rendered":"<p>[vc_row css_animation=\u00bb\u00bb row_type=\u00bbrow\u00bb use_row_as_full_screen_section=\u00bbno\u00bb type=\u00bbfull_width\u00bb angled_section=\u00bbno\u00bb text_align=\u00bbleft\u00bb background_image_as_pattern=\u00bbwithout_pattern\u00bb][vc_column][\/vc_column][\/vc_row][vc_row row_type=\u00bbparallax\u00bb parallax_content_width=\u00bbin_grid\u00bb text_align=\u00bbcenter\u00bb background_image=\u00bb680&#8243; full_screen_section_height=\u00bbno\u00bb][vc_column][vc_row_inner row_type=\u00bbrow\u00bb type=\u00bbgrid\u00bb text_align=\u00bbleft\u00bb css_animation=\u00bb\u00bb][vc_column_inner][qode_elements_holder number_of_columns=\u00bbtwo_columns\u00bb][qode_elements_holder_item item_padding=\u00bb64px 64px 64px 64px\u00bb advanced_animations=\u00bbno\u00bb][vc_single_image image=\u00bb1964&#8243; img_size=\u00bbfull\u00bb alignment=\u00bbcenter\u00bb qode_css_animation=\u00bbelement_from_fade\u00bb][\/qode_elements_holder_item][qode_elements_holder_item item_padding=\u00bb64px 64px 64px 64px\u00bb advanced_animations=\u00bbno\u00bb][vc_column_text] BLOG [\/vc_column_text][\/qode_elements_holder_item][\/qode_elements_holder][\/vc_column_inner][\/vc_row_inner][\/vc_column][\/vc_row][vc_row css_animation=\u00bb\u00bb row_type=\u00bbrow\u00bb use_row_as_full_screen_section=\u00bbno\u00bb type=\u00bbfull_width\u00bb angled_section=\u00bbno\u00bb text_align=\u00bbleft\u00bb background_image_as_pattern=\u00bbwithout_pattern\u00bb css=\u00bb.vc_custom_1539277536406{background-color: #3b89af !important;}\u00bb z_index=\u00bb\u00bb][vc_column][vc_empty_space][vc_row_inner&#8230;<\/p>\n","protected":false},"author":1,"featured_media":0,"parent":0,"menu_order":0,"comment_status":"closed","ping_status":"closed","template":"full_width.php","meta":{"footnotes":""},"class_list":["post-2044","page","type-page","status-publish","hentry"],"yoast_head":"<!-- This site is optimized with the Yoast SEO plugin v26.8 - https:\/\/yoast.com\/product\/yoast-seo-wordpress\/ -->\n<title>Blog - The Bizz Awards<\/title>\n<meta name=\"robots\" content=\"index, follow, max-snippet:-1, max-image-preview:large, max-video-preview:-1\" \/>\n<link rel=\"canonical\" href=\"https:\/\/thebizzawards.com\/es\/blog\/\" \/>\n<meta property=\"og:locale\" content=\"es_ES\" \/>\n<meta property=\"og:type\" content=\"article\" \/>\n<meta property=\"og:title\" content=\"Blog - The Bizz Awards\" \/>\n<meta property=\"og:description\" content=\"[vc_row css_animation=\u00bb\u00bb row_type=\u00bbrow\u00bb use_row_as_full_screen_section=\u00bbno\u00bb type=\u00bbfull_width\u00bb angled_section=\u00bbno\u00bb text_align=\u00bbleft\u00bb background_image_as_pattern=\u00bbwithout_pattern\u00bb][vc_column][\/vc_column][\/vc_row][vc_row row_type=\u00bbparallax\u00bb parallax_content_width=\u00bbin_grid\u00bb text_align=\u00bbcenter\u00bb background_image=\u00bb680&#8243; full_screen_section_height=\u00bbno\u00bb][vc_column][vc_row_inner row_type=\u00bbrow\u00bb type=\u00bbgrid\u00bb text_align=\u00bbleft\u00bb css_animation=\u00bb\u00bb][vc_column_inner][qode_elements_holder number_of_columns=\u00bbtwo_columns\u00bb][qode_elements_holder_item item_padding=\u00bb64px 64px 64px 64px\u00bb advanced_animations=\u00bbno\u00bb][vc_single_image image=\u00bb1964&#8243; img_size=\u00bbfull\u00bb alignment=\u00bbcenter\u00bb qode_css_animation=\u00bbelement_from_fade\u00bb][\/qode_elements_holder_item][qode_elements_holder_item item_padding=\u00bb64px 64px 64px 64px\u00bb advanced_animations=\u00bbno\u00bb][vc_column_text] BLOG [\/vc_column_text][\/qode_elements_holder_item][\/qode_elements_holder][\/vc_column_inner][\/vc_row_inner][\/vc_column][\/vc_row][vc_row css_animation=\u00bb\u00bb row_type=\u00bbrow\u00bb use_row_as_full_screen_section=\u00bbno\u00bb type=\u00bbfull_width\u00bb angled_section=\u00bbno\u00bb text_align=\u00bbleft\u00bb background_image_as_pattern=\u00bbwithout_pattern\u00bb css=\u00bb.vc_custom_1539277536406{background-color: #3b89af !important;}\u00bb z_index=\u00bb\u00bb][vc_column][vc_empty_space][vc_row_inner...\" \/>\n<meta property=\"og:url\" content=\"https:\/\/thebizzawards.com\/es\/blog\/\" \/>\n<meta property=\"og:site_name\" content=\"The Bizz Awards\" \/>\n<meta property=\"article:modified_time\" content=\"2025-05-08T15:33:23+00:00\" \/>\n<meta name=\"twitter:card\" content=\"summary_large_image\" \/>\n<meta name=\"twitter:label1\" content=\"Tiempo de lectura\" \/>\n\t<meta name=\"twitter:data1\" content=\"1 minuto\" \/>\n<script type=\"application\/ld+json\" class=\"yoast-schema-graph\">{\"@context\":\"https:\/\/schema.org\",\"@graph\":[{\"@type\":\"WebPage\",\"@id\":\"https:\/\/thebizzawards.com\/es\/blog\/\",\"url\":\"https:\/\/thebizzawards.com\/es\/blog\/\",\"name\":\"Blog - The Bizz Awards\",\"isPartOf\":{\"@id\":\"https:\/\/thebizzawards.com\/es\/#website\"},\"datePublished\":\"2025-05-08T15:02:04+00:00\",\"dateModified\":\"2025-05-08T15:33:23+00:00\",\"breadcrumb\":{\"@id\":\"https:\/\/thebizzawards.com\/es\/blog\/#breadcrumb\"},\"inLanguage\":\"es\",\"potentialAction\":[{\"@type\":\"ReadAction\",\"target\":[\"https:\/\/thebizzawards.com\/es\/blog\/\"]}]},{\"@type\":\"BreadcrumbList\",\"@id\":\"https:\/\/thebizzawards.com\/es\/blog\/#breadcrumb\",\"itemListElement\":[{\"@type\":\"ListItem\",\"position\":1,\"name\":\"Portada\",\"item\":\"https:\/\/thebizzawards.com\/es\/\"},{\"@type\":\"ListItem\",\"position\":2,\"name\":\"Blog\"}]},{\"@type\":\"WebSite\",\"@id\":\"https:\/\/thebizzawards.com\/es\/#website\",\"url\":\"https:\/\/thebizzawards.com\/es\/\",\"name\":\"The Bizz Awards\",\"description\":\"One World One Award\",\"potentialAction\":[{\"@type\":\"SearchAction\",\"target\":{\"@type\":\"EntryPoint\",\"urlTemplate\":\"https:\/\/thebizzawards.com\/es\/?s={search_term_string}\"},\"query-input\":{\"@type\":\"PropertyValueSpecification\",\"valueRequired\":true,\"valueName\":\"search_term_string\"}}],\"inLanguage\":\"es\"}]}<\/script>\n<!-- \/ Yoast SEO plugin. -->","yoast_head_json":{"title":"Blog - The Bizz Awards","robots":{"index":"index","follow":"follow","max-snippet":"max-snippet:-1","max-image-preview":"max-image-preview:large","max-video-preview":"max-video-preview:-1"},"canonical":"https:\/\/thebizzawards.com\/es\/blog\/","og_locale":"es_ES","og_type":"article","og_title":"Blog - The Bizz Awards","og_description":"[vc_row css_animation=\u00bb\u00bb row_type=\u00bbrow\u00bb use_row_as_full_screen_section=\u00bbno\u00bb type=\u00bbfull_width\u00bb angled_section=\u00bbno\u00bb text_align=\u00bbleft\u00bb background_image_as_pattern=\u00bbwithout_pattern\u00bb][vc_column][\/vc_column][\/vc_row][vc_row row_type=\u00bbparallax\u00bb parallax_content_width=\u00bbin_grid\u00bb text_align=\u00bbcenter\u00bb background_image=\u00bb680&#8243; full_screen_section_height=\u00bbno\u00bb][vc_column][vc_row_inner row_type=\u00bbrow\u00bb type=\u00bbgrid\u00bb text_align=\u00bbleft\u00bb css_animation=\u00bb\u00bb][vc_column_inner][qode_elements_holder number_of_columns=\u00bbtwo_columns\u00bb][qode_elements_holder_item item_padding=\u00bb64px 64px 64px 64px\u00bb advanced_animations=\u00bbno\u00bb][vc_single_image image=\u00bb1964&#8243; img_size=\u00bbfull\u00bb alignment=\u00bbcenter\u00bb qode_css_animation=\u00bbelement_from_fade\u00bb][\/qode_elements_holder_item][qode_elements_holder_item item_padding=\u00bb64px 64px 64px 64px\u00bb advanced_animations=\u00bbno\u00bb][vc_column_text] BLOG [\/vc_column_text][\/qode_elements_holder_item][\/qode_elements_holder][\/vc_column_inner][\/vc_row_inner][\/vc_column][\/vc_row][vc_row css_animation=\u00bb\u00bb row_type=\u00bbrow\u00bb use_row_as_full_screen_section=\u00bbno\u00bb type=\u00bbfull_width\u00bb angled_section=\u00bbno\u00bb text_align=\u00bbleft\u00bb background_image_as_pattern=\u00bbwithout_pattern\u00bb css=\u00bb.vc_custom_1539277536406{background-color: #3b89af !important;}\u00bb z_index=\u00bb\u00bb][vc_column][vc_empty_space][vc_row_inner...","og_url":"https:\/\/thebizzawards.com\/es\/blog\/","og_site_name":"The Bizz Awards","article_modified_time":"2025-05-08T15:33:23+00:00","twitter_card":"summary_large_image","twitter_misc":{"Tiempo de lectura":"1 minuto"},"schema":{"@context":"https:\/\/schema.org","@graph":[{"@type":"WebPage","@id":"https:\/\/thebizzawards.com\/es\/blog\/","url":"https:\/\/thebizzawards.com\/es\/blog\/","name":"Blog - The Bizz Awards","isPartOf":{"@id":"https:\/\/thebizzawards.com\/es\/#website"},"datePublished":"2025-05-08T15:02:04+00:00","dateModified":"2025-05-08T15:33:23+00:00","breadcrumb":{"@id":"https:\/\/thebizzawards.com\/es\/blog\/#breadcrumb"},"inLanguage":"es","potentialAction":[{"@type":"ReadAction","target":["https:\/\/thebizzawards.com\/es\/blog\/"]}]},{"@type":"BreadcrumbList","@id":"https:\/\/thebizzawards.com\/es\/blog\/#breadcrumb","itemListElement":[{"@type":"ListItem","position":1,"name":"Portada","item":"https:\/\/thebizzawards.com\/es\/"},{"@type":"ListItem","position":2,"name":"Blog"}]},{"@type":"WebSite","@id":"https:\/\/thebizzawards.com\/es\/#website","url":"https:\/\/thebizzawards.com\/es\/","name":"The Bizz Awards","description":"One World One Award","potentialAction":[{"@type":"SearchAction","target":{"@type":"EntryPoint","urlTemplate":"https:\/\/thebizzawards.com\/es\/?s={search_term_string}"},"query-input":{"@type":"PropertyValueSpecification","valueRequired":true,"valueName":"search_term_string"}}],"inLanguage":"es"}]}},"_links":{"self":[{"href":"https:\/\/thebizzawards.com\/es\/wp-json\/wp\/v2\/pages\/2044","targetHints":{"allow":["GET"]}}],"collection":[{"href":"https:\/\/thebizzawards.com\/es\/wp-json\/wp\/v2\/pages"}],"about":[{"href":"https:\/\/thebizzawards.com\/es\/wp-json\/wp\/v2\/types\/page"}],"author":[{"embeddable":true,"href":"https:\/\/thebizzawards.com\/es\/wp-json\/wp\/v2\/users\/1"}],"replies":[{"embeddable":true,"href":"https:\/\/thebizzawards.com\/es\/wp-json\/wp\/v2\/comments?post=2044"}],"version-history":[{"count":8,"href":"https:\/\/thebizzawards.com\/es\/wp-json\/wp\/v2\/pages\/2044\/revisions"}],"predecessor-version":[{"id":2059,"href":"https:\/\/thebizzawards.com\/es\/wp-json\/wp\/v2\/pages\/2044\/revisions\/2059"}],"wp:attachment":[{"href":"https:\/\/thebizzawards.com\/es\/wp-json\/wp\/v2\/media?parent=2044"}],"curies":[{"name":"wp","href":"https:\/\/api.w.org\/{rel}","templated":true}]}}